{"id":105,"date":"2022-08-09T19:15:16","date_gmt":"2022-08-09T17:15:16","guid":{"rendered":"http:\/\/esport.sfw.dk\/?page_id=105"},"modified":"2025-05-08T20:22:00","modified_gmt":"2025-05-08T18:22:00","slug":"minecraft-begynder","status":"publish","type":"page","link":"https:\/\/www.parae-sport.dk\/index.php\/minecraft-begynder\/","title":{"rendered":"Minecraft"},"content":{"rendered":"\n<p class=\"has-large-font-size\">For\u00e5rss\u00e6sonen<\/p>\n\n\n\n<p><\/p>\n\n\n\n<p><strong>Alder:<\/strong>&nbsp;6-18 \u00e5r<\/p>\n\n\n\n<p><strong>Tidspunkt:<\/strong>&nbsp;Torsdag  fra kl. 1600-1700<\/p>\n\n\n\n<p><strong>Sted:<\/strong>&nbsp;online via Discord<\/p>\n\n\n\n<p><strong>S\u00e6son:<\/strong>&nbsp;Vinter\/For\u00e5r Uge 36-51 Med undtagelse af skole ferie\/skolefridage <\/p>\n\n\n\n<p><strong>Pris:<\/strong>\u00a0medlemskab i foreningen \u00e5rligt 100 kr. Efter\u00e5rss\u00e6sonen p\u00e5 hold 800 kr. (uge 36-51)<\/p>\n\n\n\n<p><strong>Foruds\u00e6tninger:<\/strong>&nbsp;Du skal have en computer med spillet installeret, en konto p\u00e5 Discord og v\u00e6re medlem af foreningen Para E-sport Danmark.<\/p>\n\n\n\n<p><strong>Program: <\/strong>Minecraft spilles i creative mode og i Java edition.<br>Til Minecraft-tr\u00e6ningen har vi vores egen server, med vores egen verden. Her bliver der bygget forskellige bygninger og konstruktioner, men ogs\u00e5 blot leget.<br>Til tr\u00e6ning vil der v\u00e6re et tema\/en bygning, der danner rammen for dagen, s\u00e5 alle har den samme opgave. Hvis man er hurtig f\u00e6rdig, eller k\u00f8rer tr\u00e6t i opgaven, kan man enten udforske banen frit, eller f\u00e5 en anden opgave tildelt.<br>Det vigtige til Minecraft er, at alle kan v\u00e6re med i deres eget tempo, og f\u00e5r nogle trygge rammer, de kan arbejde inden for sammen med andre.<\/p>\n\n\n\n<p><strong>Andet:&nbsp;<\/strong>meddelelser om aflysning af tr\u00e6ning o.lign. sker i foreningens facebookgruppe.&nbsp;<br>Det er godt at have et heads\u00e6t eller sidde et sted, uden baggrundsst\u00f8j af hensyn til de andre spillere.<br>Holdet er med op til 8 spillere.<br>Du er velkommen til at f\u00e5 en pr\u00f8vetime f\u00f8rste gang.&nbsp;<br>Hvis du har behov for udredningen ift. udstyr til spil, s\u00e5 henvend dig til foreningen.<\/p>\n\n\n\n<p>Underviser er fra S\u00f8rby Esport<\/p>\n\n\n\n<p>Hvis I vil vide mere s\u00e5 skriv til os p\u00e5 mail@parae-sport.dk<\/p>\n\n\n\n<p>Der kommer besked om holdet bliver oprettet, n\u00e5r vi kan se at minimums deltagerantallet er opn\u00e5et.<\/p>\n\n\n\n<div class=\"wp-block-buttons is-layout-flex wp-block-buttons-is-layout-flex\">\n<div class=\"wp-block-button\"><a class=\"wp-block-button__link wp-element-button\" href=\"https:\/\/www.parae-sport.dk\/index.php\/tilmelding?spil=Minecraft\">Tilmeld<\/a><\/div>\n<\/div>\n","protected":false},"excerpt":{"rendered":"<p>For\u00e5rss\u00e6sonen Alder:&nbsp;6-18 \u00e5r Tidspunkt:&nbsp;Torsdag fra kl. 1600-1700 Sted:&nbsp;online via Discord S\u00e6son:&nbsp;Vinter\/For\u00e5r Uge 36-51 Med undtagelse af skole ferie\/skolefridage Pris:\u00a0medlemskab i foreningen \u00e5rligt 100 kr. Efter\u00e5rss\u00e6sonen p\u00e5 hold 800 kr. (uge 36-51) Foruds\u00e6tninger:&nbsp;Du skal have en computer med spillet installeret, en konto p\u00e5 Discord og v\u00e6re medlem af foreningen Para E-sport Danmark. Program: Minecraft spilles i [&hellip;]<\/p>\n","protected":false},"author":2,"featured_media":597,"parent":0,"menu_order":0,"comment_status":"closed","ping_status":"closed","template":"","meta":{"footnotes":""},"class_list":["post-105","page","type-page","status-publish","has-post-thumbnail","hentry"],"acf":[],"_links":{"self":[{"href":"https:\/\/www.parae-sport.dk\/index.php\/wp-json\/wp\/v2\/pages\/105","targetHints":{"allow":["GET"]}}],"collection":[{"href":"https:\/\/www.parae-sport.dk\/index.php\/wp-json\/wp\/v2\/pages"}],"about":[{"href":"https:\/\/www.parae-sport.dk\/index.php\/wp-json\/wp\/v2\/types\/page"}],"author":[{"embeddable":true,"href":"https:\/\/www.parae-sport.dk\/index.php\/wp-json\/wp\/v2\/users\/2"}],"replies":[{"embeddable":true,"href":"https:\/\/www.parae-sport.dk\/index.php\/wp-json\/wp\/v2\/comments?post=105"}],"version-history":[{"count":23,"href":"https:\/\/www.parae-sport.dk\/index.php\/wp-json\/wp\/v2\/pages\/105\/revisions"}],"predecessor-version":[{"id":696,"href":"https:\/\/www.parae-sport.dk\/index.php\/wp-json\/wp\/v2\/pages\/105\/revisions\/696"}],"wp:featuredmedia":[{"embeddable":true,"href":"https:\/\/www.parae-sport.dk\/index.php\/wp-json\/wp\/v2\/media\/597"}],"wp:attachment":[{"href":"https:\/\/www.parae-sport.dk\/index.php\/wp-json\/wp\/v2\/media?parent=105"}],"curies":[{"name":"wp","href":"https:\/\/api.w.org\/{rel}","templated":true}]}}