{"id":110,"date":"2022-08-09T19:19:13","date_gmt":"2022-08-09T17:19:13","guid":{"rendered":"http:\/\/esport.sfw.dk\/?page_id=110"},"modified":"2025-05-08T20:20:47","modified_gmt":"2025-05-08T18:20:47","slug":"fc25","status":"publish","type":"page","link":"https:\/\/www.parae-sport.dk\/index.php\/fc25\/","title":{"rendered":"EA-FC25 &#8211; PC"},"content":{"rendered":"\n<p>EA FC25<br><br>For\u00e5rss\u00e6sonen<\/p>\n\n\n\n<p>Alder: 10-18 \u00e5r<\/p>\n\n\n\n<p>Tidspunkt: Onsdag fra kl. 1600-1700<\/p>\n\n\n\n<p>Sted: online via Discord<\/p>\n\n\n\n<p>S\u00e6son: Efter\u00e5r Uge 36-51 Med undtagelse af skole ferie\/skolefridage<\/p>\n\n\n\n<p><strong>Pris:<\/strong>\u00a0medlemskab i foreningen \u00e5rligt 100 kr. Efter\u00e5rss\u00e6sonen p\u00e5 hold 800 kr. (uge 36-51)<\/p>\n\n\n\n<p>Foruds\u00e6tninger: Du skal have en computer med spillet installeret, en konto p\u00e5 Discord og v\u00e6re medlem af foreningen Para E-sport Danmark.<\/p>\n\n\n\n<p>Program:<br>Til FC25-tr\u00e6ningen vil der blive tr\u00e6net i f\u00e6llesskab under det, der hedder Proklubber.<br>Her vil hver spiller have sin egen spiller at styre, som man i f\u00f8rste omgang skal designe selv. Herefter v\u00e6lger vi i f\u00e6llesskab, hvor man har lyst til at spille p\u00e5 banen, og vi spiller sammen mod computeren eller andre spillere online.<br>Fokus er at blive bekendt med spillet og indstillinger, s\u00e5 man ogs\u00e5 kan spille selv, hvis man har lyst til det.<br>F\u00e6llesskabet og det at samarbejde med andre er en vigtig del af tr\u00e6ningen for os, hvorfor vi har valgt at det skal v\u00e6re FC25-Proklubber, der bliver brugt som grundlag for tr\u00e6ningen.<\/p>\n\n\n\n<p>Andet: meddelelser om aflysning af tr\u00e6ning o.lign. sker i foreningens facebookgruppe.<br>Det er godt at have et heads\u00e6t eller sidde et sted, uden baggrundsst\u00f8j af hensyn til de andre spillere.<br>Holdet er med op til 8 spillere.<br>Du er velkommen til at f\u00e5 en pr\u00f8vetime f\u00f8rste gang.<br>Hvis du har behov for udredningen ift. udstyr til spil, s\u00e5 henvend dig til foreningen.<\/p>\n\n\n\n<p>Underviser er fra S\u00f8rby Esport<\/p>\n\n\n\n<p>Hvis I vil vide mere s\u00e5 skriv til os p\u00e5 mail@parae-sport.dk<\/p>\n\n\n\n<p>Der kommer besked om holdet bliver oprettet, n\u00e5r vi kan se at minimums deltagerantallet er opn\u00e5et.<\/p>\n\n\n\n<div class=\"wp-block-buttons is-layout-flex wp-block-buttons-is-layout-flex\">\n<div class=\"wp-block-button\"><a class=\"wp-block-button__link wp-element-button\" href=\"https:\/\/www.parae-sport.dk\/index.php\/tilmelding?spil=FC25\" target=\"_blank\" rel=\"noreferrer noopener\">Tilmeld<\/a><\/div>\n<\/div>\n\n\n\n<p><\/p>\n","protected":false},"excerpt":{"rendered":"<p>EA FC25 For\u00e5rss\u00e6sonen Alder: 10-18 \u00e5r Tidspunkt: Onsdag fra kl. 1600-1700 Sted: online via Discord S\u00e6son: Efter\u00e5r Uge 36-51 Med undtagelse af skole ferie\/skolefridage Pris:\u00a0medlemskab i foreningen \u00e5rligt 100 kr. Efter\u00e5rss\u00e6sonen p\u00e5 hold 800 kr. (uge 36-51) Foruds\u00e6tninger: Du skal have en computer med spillet installeret, en konto p\u00e5 Discord og v\u00e6re medlem af foreningen [&hellip;]<\/p>\n","protected":false},"author":2,"featured_media":643,"parent":0,"menu_order":0,"comment_status":"closed","ping_status":"closed","template":"","meta":{"footnotes":""},"class_list":["post-110","page","type-page","status-publish","has-post-thumbnail","hentry"],"acf":[],"_links":{"self":[{"href":"https:\/\/www.parae-sport.dk\/index.php\/wp-json\/wp\/v2\/pages\/110","targetHints":{"allow":["GET"]}}],"collection":[{"href":"https:\/\/www.parae-sport.dk\/index.php\/wp-json\/wp\/v2\/pages"}],"about":[{"href":"https:\/\/www.parae-sport.dk\/index.php\/wp-json\/wp\/v2\/types\/page"}],"author":[{"embeddable":true,"href":"https:\/\/www.parae-sport.dk\/index.php\/wp-json\/wp\/v2\/users\/2"}],"replies":[{"embeddable":true,"href":"https:\/\/www.parae-sport.dk\/index.php\/wp-json\/wp\/v2\/comments?post=110"}],"version-history":[{"count":24,"href":"https:\/\/www.parae-sport.dk\/index.php\/wp-json\/wp\/v2\/pages\/110\/revisions"}],"predecessor-version":[{"id":692,"href":"https:\/\/www.parae-sport.dk\/index.php\/wp-json\/wp\/v2\/pages\/110\/revisions\/692"}],"wp:featuredmedia":[{"embeddable":true,"href":"https:\/\/www.parae-sport.dk\/index.php\/wp-json\/wp\/v2\/media\/643"}],"wp:attachment":[{"href":"https:\/\/www.parae-sport.dk\/index.php\/wp-json\/wp\/v2\/media?parent=110"}],"curies":[{"name":"wp","href":"https:\/\/api.w.org\/{rel}","templated":true}]}}