{"id":112,"date":"2022-08-09T19:20:03","date_gmt":"2022-08-09T17:20:03","guid":{"rendered":"http:\/\/esport.sfw.dk\/?page_id=112"},"modified":"2025-05-08T20:20:58","modified_gmt":"2025-05-08T18:20:58","slug":"csgo","status":"publish","type":"page","link":"https:\/\/www.parae-sport.dk\/index.php\/csgo\/","title":{"rendered":"Counter-Strike 2"},"content":{"rendered":"\n<p class=\"has-large-font-size\">For\u00e5rss\u00e6sonen<\/p>\n\n\n\n<p><strong>Alder:<\/strong>&nbsp;10-18 \u00e5r<\/p>\n\n\n\n<p><strong>Tidspunkt:<\/strong>&nbsp;Tirsdag fra kl. 1600-1700<\/p>\n\n\n\n<p><strong>Sted:<\/strong>&nbsp;online via Discord<\/p>\n\n\n\n<p><strong>S\u00e6son:<\/strong>&nbsp;Efter\u00e5r Uge 36-51 Med undtagelse af skole ferie\/fridage<\/p>\n\n\n\n<p><strong>Pris:<\/strong>\u00a0medlemskab i foreningen \u00e5rligt 100 kr. Efter\u00e5rss\u00e6sonen p\u00e5 hold 800 kr. (uge 36-51)<\/p>\n\n\n\n<p><strong>Foruds\u00e6tninger:<\/strong>&nbsp;Du skal have en computer med spillet installeret, en konto p\u00e5 Discord og v\u00e6re medlem af foreningen Para E-sport Danmark.<\/p>\n\n\n\n<p><strong>Program:<br><\/strong>Til Counter-Strike 2 tr\u00e6ningen starter vi med at varme op i CS-HUB. Her skyder man nogle bots i sit eget tempo, s\u00e5 man er klar til at g\u00e5 ind for at spille sammen efterf\u00f8lgende.<br>Vi har fokus p\u00e5 at l\u00e6re spillets facetter med granater, strategier og roller.<br>Vi tager det stille og roligt, s\u00e5 alle kan v\u00e6re med, og vi spiller oftest mod bots eller internt p\u00e5 lukkede servere. Nogle gange pr\u00f8ver vi kr\u00e6fter med online-servere, s\u00e5 spillerne ogs\u00e5 bliver udfordret i det omfang, det giver mening.<\/p>\n\n\n\n<p><strong>Andet:&nbsp;<\/strong>meddelelser om aflysning af tr\u00e6ning o.lign. sker i foreningens facebookgruppe.&nbsp;<br>Det er godt at have et heads\u00e6t eller sidde et sted, uden baggrundsst\u00f8j af hensyn til de andre spillere.<br>Holdet er med op til 10 spillere.<br>Du er velkommen til at f\u00e5 en pr\u00f8vetime f\u00f8rste gang.&nbsp;<br>Hvis du har behov for udredningen ift. udstyr til spil, s\u00e5 henvend dig til foreningen.<\/p>\n\n\n\n<p>Underviser er fra S\u00f8rby Esport<\/p>\n\n\n\n<p>Hvis I vil vide mere s\u00e5 skriv til os p\u00e5 mail@parae-sport.dk<\/p>\n\n\n\n<p>Der kommer besked om holdet bliver oprettet, n\u00e5r vi kan se at minimums deltagerantallet er opn\u00e5et.<\/p>\n\n\n\n<div class=\"wp-block-buttons is-layout-flex wp-block-buttons-is-layout-flex\">\n<div class=\"wp-block-button\"><a class=\"wp-block-button__link wp-element-button\" href=\"https:\/\/www.parae-sport.dk\/index.php\/tilmelding?spil=CS2\">Tilmeld<\/a><\/div>\n<\/div>\n","protected":false},"excerpt":{"rendered":"<p>For\u00e5rss\u00e6sonen Alder:&nbsp;10-18 \u00e5r Tidspunkt:&nbsp;Tirsdag fra kl. 1600-1700 Sted:&nbsp;online via Discord S\u00e6son:&nbsp;Efter\u00e5r Uge 36-51 Med undtagelse af skole ferie\/fridage Pris:\u00a0medlemskab i foreningen \u00e5rligt 100 kr. Efter\u00e5rss\u00e6sonen p\u00e5 hold 800 kr. (uge 36-51) Foruds\u00e6tninger:&nbsp;Du skal have en computer med spillet installeret, en konto p\u00e5 Discord og v\u00e6re medlem af foreningen Para E-sport Danmark. Program:Til Counter-Strike 2 tr\u00e6ningen [&hellip;]<\/p>\n","protected":false},"author":2,"featured_media":602,"parent":0,"menu_order":0,"comment_status":"closed","ping_status":"closed","template":"","meta":{"footnotes":""},"class_list":["post-112","page","type-page","status-publish","has-post-thumbnail","hentry"],"acf":[],"_links":{"self":[{"href":"https:\/\/www.parae-sport.dk\/index.php\/wp-json\/wp\/v2\/pages\/112","targetHints":{"allow":["GET"]}}],"collection":[{"href":"https:\/\/www.parae-sport.dk\/index.php\/wp-json\/wp\/v2\/pages"}],"about":[{"href":"https:\/\/www.parae-sport.dk\/index.php\/wp-json\/wp\/v2\/types\/page"}],"author":[{"embeddable":true,"href":"https:\/\/www.parae-sport.dk\/index.php\/wp-json\/wp\/v2\/users\/2"}],"replies":[{"embeddable":true,"href":"https:\/\/www.parae-sport.dk\/index.php\/wp-json\/wp\/v2\/comments?post=112"}],"version-history":[{"count":24,"href":"https:\/\/www.parae-sport.dk\/index.php\/wp-json\/wp\/v2\/pages\/112\/revisions"}],"predecessor-version":[{"id":693,"href":"https:\/\/www.parae-sport.dk\/index.php\/wp-json\/wp\/v2\/pages\/112\/revisions\/693"}],"wp:featuredmedia":[{"embeddable":true,"href":"https:\/\/www.parae-sport.dk\/index.php\/wp-json\/wp\/v2\/media\/602"}],"wp:attachment":[{"href":"https:\/\/www.parae-sport.dk\/index.php\/wp-json\/wp\/v2\/media?parent=112"}],"curies":[{"name":"wp","href":"https:\/\/api.w.org\/{rel}","templated":true}]}}