{"id":116,"date":"2022-08-09T19:22:14","date_gmt":"2022-08-09T17:22:14","guid":{"rendered":"http:\/\/esport.sfw.dk\/?page_id=116"},"modified":"2023-08-08T18:05:15","modified_gmt":"2023-08-08T16:05:15","slug":"stoettemedlem","status":"publish","type":"page","link":"https:\/\/www.parae-sport.dk\/index.php\/stoettemedlem\/","title":{"rendered":"Bliv medlem"},"content":{"rendered":"\n<p>For at kunne spille p\u00e5 hold i foreningen skal du v\u00e6re medlem.<br>Du er velkommen i foreningen, hvis du \u00f8nsker at st\u00f8tte den eller have adgang til andre af vores aktiviteter.<br>Du kan ogs\u00e5 melde dig ind, hvis du er nysgerrig ift. hvad der sker i foreningen, gerne vil have adgang til udredning, vejledning og r\u00e5dgivning, generalforsamlingen eller eventuelle arrangementer i foreningen.<\/p>\n\n\n\n<p>Medlemsskab g\u00e6lder for en husstand og koster 100 kr \/ \u00e5r<\/p>\n\n\n\n<div class=\"wp-block-buttons is-layout-flex wp-block-buttons-is-layout-flex\">\n<div class=\"wp-block-button\"><a class=\"wp-block-button__link wp-element-button\" href=\"http:\/\/www.parae-sport.dk\/index.php\/tilmelding-stoettemedlem?spil=medlem\">Tilmeld<\/a><\/div>\n<\/div>\n\n\n\n<div style=\"height:100px\" aria-hidden=\"true\" class=\"wp-block-spacer\"><\/div>\n","protected":false},"excerpt":{"rendered":"<p>For at kunne spille p\u00e5 hold i foreningen skal du v\u00e6re medlem.Du er velkommen i foreningen, hvis du \u00f8nsker at st\u00f8tte den eller have adgang til andre af vores aktiviteter.Du kan ogs\u00e5 melde dig ind, hvis du er nysgerrig ift. hvad der sker i foreningen, gerne vil have adgang til udredning, vejledning og r\u00e5dgivning, generalforsamlingen [&hellip;]<\/p>\n","protected":false},"author":2,"featured_media":0,"parent":0,"menu_order":0,"comment_status":"closed","ping_status":"closed","template":"","meta":{"footnotes":""},"class_list":["post-116","page","type-page","status-publish","hentry"],"acf":[],"_links":{"self":[{"href":"https:\/\/www.parae-sport.dk\/index.php\/wp-json\/wp\/v2\/pages\/116","targetHints":{"allow":["GET"]}}],"collection":[{"href":"https:\/\/www.parae-sport.dk\/index.php\/wp-json\/wp\/v2\/pages"}],"about":[{"href":"https:\/\/www.parae-sport.dk\/index.php\/wp-json\/wp\/v2\/types\/page"}],"author":[{"embeddable":true,"href":"https:\/\/www.parae-sport.dk\/index.php\/wp-json\/wp\/v2\/users\/2"}],"replies":[{"embeddable":true,"href":"https:\/\/www.parae-sport.dk\/index.php\/wp-json\/wp\/v2\/comments?post=116"}],"version-history":[{"count":11,"href":"https:\/\/www.parae-sport.dk\/index.php\/wp-json\/wp\/v2\/pages\/116\/revisions"}],"predecessor-version":[{"id":462,"href":"https:\/\/www.parae-sport.dk\/index.php\/wp-json\/wp\/v2\/pages\/116\/revisions\/462"}],"wp:attachment":[{"href":"https:\/\/www.parae-sport.dk\/index.php\/wp-json\/wp\/v2\/media?parent=116"}],"curies":[{"name":"wp","href":"https:\/\/api.w.org\/{rel}","templated":true}]}}