{"id":120,"date":"2022-08-09T19:24:51","date_gmt":"2022-08-09T17:24:51","guid":{"rendered":"http:\/\/esport.sfw.dk\/?page_id=120"},"modified":"2023-08-08T18:20:33","modified_gmt":"2023-08-08T16:20:33","slug":"udredning","status":"publish","type":"page","link":"https:\/\/www.parae-sport.dk\/index.php\/udredning\/","title":{"rendered":"Udredning"},"content":{"rendered":"<ul>\n<li>Har du bare rigtig meget lyst til at spille computer, men ved ikke rigtig, hvordan du kan komme i gang?<\/li>\n<li>Eller spiller du allerede computer, men synes du f\u00e5r for hurtigt ondt eller bliver tr\u00e6t, fordi det er lidt for sv\u00e6rt?<\/li>\n<\/ul>\n<p style=\"text-align: center;\">M\u00e5ske kan vi hj\u00e6lpe dig videre!<\/p>\n<p>Vi ved lidt af hvert om specielt udstyr og specielle indstillinger.<br \/>\nDu er velkommen til at skrive til mail@parae-sport.dk og oplyser dit telefonnummer, s\u00e5 bliver du kontaktet af Sissel eller Louise<br \/>\nEksempel:<\/p>\n<p style=\"text-align: center;\">&#8220;Magnus er allerede godt i gang med at spille X-box med adaptive controller og ultra joystick i den ene h\u00e5nd og 0-1-kontakt i den anden.<br \/>\nMagnus er 9 \u00e5r og klar til nye udfordringer, s\u00e5 han vil gerne spille med andre, han vil gerne kunne spille alene p\u00e5 sit v\u00e6relse og ogs\u00e5 gerne spille nogle nye spil.<br \/>\nHans udstyr bliver sat op til en pc, s\u00e5 han nemmere kan kommunikere online imens han spiller. Det kan godt v\u00e6re sv\u00e6rt for andre, at forst\u00e5 hvad Magnus siger, men det viser sig, at han taler langsommere og tydeligere, n\u00e5r han er online.<br \/>\nHan bliver mere sikker i Minecraft online og kaster sig ud i nye udfordringer med to joysticks og mange 0-1-kontakter. Det betyder, at han f\u00e5r mulighed for at spille nye spil eller bruge flere funktioner i spillene.&#8221;<\/p>\n","protected":false},"excerpt":{"rendered":"<p>Har du bare rigtig meget lyst til at spille computer, men ved ikke rigtig, hvordan du kan komme i gang? Eller spiller du allerede computer, men synes du f\u00e5r for hurtigt ondt eller bliver tr\u00e6t, fordi det er lidt for sv\u00e6rt? M\u00e5ske kan vi hj\u00e6lpe dig videre! Vi ved lidt af hvert om specielt udstyr [&hellip;]<\/p>\n","protected":false},"author":2,"featured_media":0,"parent":0,"menu_order":0,"comment_status":"closed","ping_status":"closed","template":"","meta":{"footnotes":""},"class_list":["post-120","page","type-page","status-publish","hentry"],"acf":[],"_links":{"self":[{"href":"https:\/\/www.parae-sport.dk\/index.php\/wp-json\/wp\/v2\/pages\/120","targetHints":{"allow":["GET"]}}],"collection":[{"href":"https:\/\/www.parae-sport.dk\/index.php\/wp-json\/wp\/v2\/pages"}],"about":[{"href":"https:\/\/www.parae-sport.dk\/index.php\/wp-json\/wp\/v2\/types\/page"}],"author":[{"embeddable":true,"href":"https:\/\/www.parae-sport.dk\/index.php\/wp-json\/wp\/v2\/users\/2"}],"replies":[{"embeddable":true,"href":"https:\/\/www.parae-sport.dk\/index.php\/wp-json\/wp\/v2\/comments?post=120"}],"version-history":[{"count":7,"href":"https:\/\/www.parae-sport.dk\/index.php\/wp-json\/wp\/v2\/pages\/120\/revisions"}],"predecessor-version":[{"id":470,"href":"https:\/\/www.parae-sport.dk\/index.php\/wp-json\/wp\/v2\/pages\/120\/revisions\/470"}],"wp:attachment":[{"href":"https:\/\/www.parae-sport.dk\/index.php\/wp-json\/wp\/v2\/media?parent=120"}],"curies":[{"name":"wp","href":"https:\/\/api.w.org\/{rel}","templated":true}]}}