{"id":14,"date":"2022-08-03T20:33:56","date_gmt":"2022-08-03T18:33:56","guid":{"rendered":"http:\/\/esport.sfw.dk\/?page_id=14"},"modified":"2024-08-08T21:04:27","modified_gmt":"2024-08-08T19:04:27","slug":"om","status":"publish","type":"page","link":"https:\/\/www.parae-sport.dk\/index.php\/om\/","title":{"rendered":"Om os"},"content":{"rendered":"\n<p>Foreningen er for personer med funktionsneds\u00e6ttelser, som \u00f8nsker at game og dyrke e-sport.<br><br><strong>Vores vision<\/strong>&nbsp;er, at der skal v\u00e6re lige mulighed for alle mennesker for at game og dyrke e-sport i positive f\u00e6llesskaber med andre. Vores forening skal v\u00e6re til gavn og gl\u00e6de for mange og give alle, der har en funktionsneds\u00e6ttelse, og ikke har mulighed for at game p\u00e5 lige vilk\u00e5r med andre, en mulighed for at dette.<br><br><strong>Vores mission<\/strong>&nbsp;er, at give mennesker med fysiske funktionsneds\u00e6ttelser mulighed for at spille i et tilpasset, givende og positivt spillemilj\u00f8 med udstyr, der tager udgangspunkt i deres udfordringer.<\/p>\n\n\n<p><strong>Om foreningen<\/strong><br \/>Da foreningen er ny, har vi ikke s\u00e5 gode muligheder for at s\u00f8ge \u00f8konomisk st\u00f8tte i offentlige puljer. Men vi g\u00f8r, hvad vi kan, for at kontingentet i fremtiden kan s\u00e6ttes ned.<\/p>\n<p>Foreningen blev dannet de sidste uger af april 2022.<\/p>\n<p>Du er altid velkommen til at kontakte os p\u00e5 <a href=\"mailto:mail@parae-sport.dk\">mail@parae-sport.dk<\/a><br \/>Foreningens bestyrelse arbejder frivilligt, derfor kan det vare lidt inden vi vender tilbage til dig.<\/p>\n<p>Hvis du har lyst til at give en h\u00e5nd med i foreningen p\u00e5 den ene eller anden m\u00e5de, s\u00e5 h\u00f8rer vi meget gerne fra dig. <br \/>Du har mulighed for at st\u00f8tte foreningen som st\u00f8ttemedlem eller via sponsorat.<\/p>\n<p>Du kan l\u00e6se foreningens vedt\u00e6gter her:<br \/><a href=\"https:\/\/www.parae-sport.dk\/wp-content\/uploads\/2022\/08\/Vedtaegter-Para-e-sport.pdf\" target=\"_blank\" rel=\"noopener\">Vedt\u00e6gter Para e-sport<\/a><\/p>\n\n\n<div class=\"wp-block-columns is-layout-flex wp-container-core-columns-is-layout-28f84493 wp-block-columns-is-layout-flex\">\n<div class=\"wp-block-column is-layout-flow wp-block-column-is-layout-flow\">\n<div class=\"Preview_column__1KeVx col \">\n<div class=\"Preview_row__3Fkye row\">\n<div class=\"Preview_componentWrapper__2i4QI\" data-id=\"B7B4C2DC-AFF2-46F1-8519-B83A9E8BE055\" data-kind=\"TEXT\">\n<div class=\" Preview_component__SbiKo text-align-undefined\" data-in-template=\"false\" data-id=\"B7B4C2DC-AFF2-46F1-8519-B83A9E8BE055\" data-kind=\"Component\" data-specific-kind=\"TEXT\">\n<div class=\"styles_contentContainer__lrPIa textnormal styles_text__3jGMu styles_invalidateHighlightAndShadows__2W3IH White themeTextClass\" data-mve-font-change=\"0\">\n<p><strong>Bestyrelsen:<\/strong><\/p>\n<p>SISSEL MADSEN<br \/>formand<br \/><a href=\"mailto:SM@parae-sport.dk\">SM@parae-sport.dk<\/a><\/p>\n<p>S\u00d8REN DEGN DYRBYE<br \/>Kasserer<br \/><a href=\"mailto:SDD@parae-sport.dk\">SDD@parae-sport.dk<\/a><br \/><a href=\"mailto:kasserer@parae-sport.dk\">kasserer@parae-sport.dk<\/a><\/p>\n<p>DENNIS KIRK<br \/>Bestyrelsesmedlem<br \/><a href=\"mailto:DK@parae-sport.dk\">DK@parae-sport.dk<\/a><\/p>\n<p>UFFE THORUP THOMSEN, revisor<\/p>\n<\/div>\n<\/div>\n<\/div>\n<\/div>\n<\/div>\n<\/div>\n\n\n\n<div class=\"wp-block-column is-layout-flow wp-block-column-is-layout-flow\">\n<div class=\"Preview_column__1KeVx col \">\n<div class=\"Preview_row__3Fkye row\">\n<div class=\"Preview_componentWrapper__2i4QI\" data-id=\"B7B4C2DC-AFF2-46F1-8519-B83A9E8BE055\" data-kind=\"TEXT\">\n<div class=\" Preview_component__SbiKo text-align-undefined\" data-in-template=\"false\" data-id=\"B7B4C2DC-AFF2-46F1-8519-B83A9E8BE055\" data-kind=\"Component\" data-specific-kind=\"TEXT\">\n<div class=\"styles_contentContainer__lrPIa textnormal styles_text__3jGMu styles_invalidateHighlightAndShadows__2W3IH White themeTextClass\" data-mve-font-change=\"0\">\u00a0<\/div>\n<\/div>\n<\/div>\n<\/div>\n<div class=\"Preview_row__3Fkye row\">\n<div class=\"Preview_componentWrapper__2i4QI\" data-id=\"099FB955-B792-45CA-93F4-0DB23C7E9E43\" data-kind=\"TEXT\">\n<div class=\" Preview_component__SbiKo text-align-undefined\" data-in-template=\"false\" data-id=\"099FB955-B792-45CA-93F4-0DB23C7E9E43\" data-kind=\"Component\" data-specific-kind=\"TEXT\">\n<div class=\"styles_contentContainer__lrPIa textnormal styles_text__3jGMu styles_invalidateHighlightAndShadows__2W3IH White themeTextClass\" data-mve-font-change=\"0\">\u00a0<\/div>\n<\/div>\n<\/div>\n<\/div>\n<div class=\"Preview_row__3Fkye row\">\n<div class=\"Preview_componentWrapper__2i4QI\" data-id=\"6EA96FE4-F8F6-4C89-9405-E9D4ADEE6FD9\" data-kind=\"TEXT\">\n<div class=\" Preview_component__SbiKo text-align-undefined\" data-in-template=\"false\" data-id=\"6EA96FE4-F8F6-4C89-9405-E9D4ADEE6FD9\" data-kind=\"Component\" data-specific-kind=\"TEXT\">\n<div class=\"styles_contentContainer__lrPIa textnormal styles_text__3jGMu styles_invalidateHighlightAndShadows__2W3IH White themeTextClass\" data-mve-font-change=\"0\">\n<p>LOUISE HOLL\u00c6NDER SVENDSEN<br \/>Bestyrelsesmedlem <br \/><a href=\"mailto:LHS@parae-sport.dk\">LHS@parae-sport.dk<\/a><\/p>\n<\/div>\n<\/div>\n<\/div>\n<\/div>\n<\/div>\n<div class=\"Preview_column__1KeVx col \">\n<div class=\"Preview_row__3Fkye row\">\n<div class=\"Preview_componentWrapper__2i4QI\" data-id=\"A1C5BE53-9AC3-476A-A166-F445799C6CBE\" data-kind=\"TEXT\">\n<div class=\" Preview_component__SbiKo text-align-undefined\" data-in-template=\"false\" data-id=\"A1C5BE53-9AC3-476A-A166-F445799C6CBE\" data-kind=\"Component\" data-specific-kind=\"TEXT\">\n<div class=\"styles_contentContainer__lrPIa textnormal styles_text__3jGMu styles_invalidateHighlightAndShadows__2W3IH White themeTextClass\" data-mve-font-change=\"0\">\u00a0<\/div>\n<\/div>\n<\/div>\n<\/div>\n<\/div>\n<\/div>\n<\/div>\n\n\n\n<p><\/p>\n","protected":false},"excerpt":{"rendered":"<p>Foreningen er for personer med funktionsneds\u00e6ttelser, som \u00f8nsker at game og dyrke e-sport. Vores vision&nbsp;er, at der skal v\u00e6re lige mulighed for alle mennesker for at game og dyrke e-sport i positive f\u00e6llesskaber med andre. Vores forening skal v\u00e6re til gavn og gl\u00e6de for mange og give alle, der har en funktionsneds\u00e6ttelse, og ikke har [&hellip;]<\/p>\n","protected":false},"author":1,"featured_media":0,"parent":0,"menu_order":0,"comment_status":"closed","ping_status":"closed","template":"","meta":{"footnotes":""},"class_list":["post-14","page","type-page","status-publish","hentry"],"acf":[],"_links":{"self":[{"href":"https:\/\/www.parae-sport.dk\/index.php\/wp-json\/wp\/v2\/pages\/14","targetHints":{"allow":["GET"]}}],"collection":[{"href":"https:\/\/www.parae-sport.dk\/index.php\/wp-json\/wp\/v2\/pages"}],"about":[{"href":"https:\/\/www.parae-sport.dk\/index.php\/wp-json\/wp\/v2\/types\/page"}],"author":[{"embeddable":true,"href":"https:\/\/www.parae-sport.dk\/index.php\/wp-json\/wp\/v2\/users\/1"}],"replies":[{"embeddable":true,"href":"https:\/\/www.parae-sport.dk\/index.php\/wp-json\/wp\/v2\/comments?post=14"}],"version-history":[{"count":12,"href":"https:\/\/www.parae-sport.dk\/index.php\/wp-json\/wp\/v2\/pages\/14\/revisions"}],"predecessor-version":[{"id":615,"href":"https:\/\/www.parae-sport.dk\/index.php\/wp-json\/wp\/v2\/pages\/14\/revisions\/615"}],"wp:attachment":[{"href":"https:\/\/www.parae-sport.dk\/index.php\/wp-json\/wp\/v2\/media?parent=14"}],"curies":[{"name":"wp","href":"https:\/\/api.w.org\/{rel}","templated":true}]}}