{"id":270,"date":"2022-08-23T20:04:31","date_gmt":"2022-08-23T18:04:31","guid":{"rendered":"http:\/\/esport.sfw.dk\/?page_id=270"},"modified":"2025-05-08T20:21:30","modified_gmt":"2025-05-08T18:21:30","slug":"farming-22","status":"publish","type":"page","link":"https:\/\/www.parae-sport.dk\/index.php\/farming-22\/","title":{"rendered":"Farming 22"},"content":{"rendered":"\n<p class=\"has-large-font-size\"><strong>For\u00e5rss\u00e6sonen<\/strong><\/p>\n\n\n<p><strong>Alder:<\/strong>\u00a06-18 \u00e5r<\/p>\n<p><strong>Tidspunkt:<\/strong> Onsdag fra kl. 1600-1700<\/p>\n<p><strong>Sted:<\/strong>\u00a0online via Discord<\/p>\n<p><strong>S\u00e6son:<\/strong> Efter\u00e5r Uge 36-51 Med undtagelse af skole ferie\/skolefridage\u00a0<\/p>\n<p><strong>Pris:<\/strong> medlemskab i foreningen \u00e5rligt 100 kr. Efter\u00e5rss\u00e6sonen p\u00e5 hold 800 kr. (uge 36-51)<\/p>\n<p><strong>Foruds\u00e6tninger:<\/strong>\u00a0Du skal have en computer med spillet installeret, en konto p\u00e5 Discord og v\u00e6re medlem af foreningen Para E-sport Danmark.<\/p>\n<p><strong>Program: <\/strong>Til Farming-tr\u00e6ningen vil der blive tr\u00e6net i f\u00e6llesskab for at l\u00e6re spillets funktioner.<br \/>Her vil hver spiller have sin egen g\u00e5rd, som man i f\u00f8rste omgang skal indrette selv. Vi spiller p\u00e5 en f\u00e6lles g\u00e5rd og viser vores egen g\u00e5rd frem.<br \/>Fokus er at blive bekendt med spillet og indstillinger, s\u00e5 man ogs\u00e5 kan spille selv, hvis man har lyst til det.<br \/>F\u00e6llesskabet og det at samarbejde med andre er en vigtig del af tr\u00e6ningen.<\/p>\n<p><strong>Andet:\u00a0<\/strong>meddelelser om aflysning af tr\u00e6ning o.lign. sker i foreningens facebookgruppe.\u00a0<br \/>Det er godt at have et heads\u00e6t eller sidde et sted, uden baggrundsst\u00f8j af hensyn til de andre spillere.<br \/>Holdet er med op til 10 spillere.<br \/>Du er velkommen til at f\u00e5 en pr\u00f8vetime f\u00f8rste gang.\u00a0<br \/>Hvis du har behov for udredningen ift. udstyr til spil, s\u00e5 henvend dig til foreningen.<\/p>\n<p>Underviser er fra S\u00f8rby Esport<\/p>\n<p>Hvis I vil vide mere s\u00e5 skriv til os p\u00e5 mail@parae-sport.dk<\/p>\n<p>Der kommer besked om holdet bliver oprettet, n\u00e5r vi kan se at minimums deltagerantallet er opn\u00e5et.<\/p>\n<p><span style=\"font-weight: 400;\">Hvis du har behov for udredningen ift. udstyr til spil, s\u00e5 henvend dig til foreningen.<\/span><\/p>\n<p><span style=\"font-weight: 400;\">Underviser er fra S\u00f8rby Esport<\/span><\/p>\n<p><span style=\"font-weight: 400;\">Hvis I vil vide mere s\u00e5 skriv til os p\u00e5 mail@parae-sport.dk<\/span><\/p>\n\n\n<div class=\"wp-block-buttons is-layout-flex wp-block-buttons-is-layout-flex\">\n<div class=\"wp-block-button\"><a class=\"wp-block-button__link wp-element-button\" href=\"https:\/\/www.parae-sport.dk\/index.php\/tilmelding?spil=farming\">Tilmeld<\/a><\/div>\n<\/div>\n","protected":false},"excerpt":{"rendered":"<p>For\u00e5rss\u00e6sonen Alder:\u00a06-18 \u00e5r Tidspunkt: Onsdag fra kl. 1600-1700 Sted:\u00a0online via Discord S\u00e6son: Efter\u00e5r Uge 36-51 Med undtagelse af skole ferie\/skolefridage\u00a0 Pris: medlemskab i foreningen \u00e5rligt 100 kr. Efter\u00e5rss\u00e6sonen p\u00e5 hold 800 kr. (uge 36-51) Foruds\u00e6tninger:\u00a0Du skal have en computer med spillet installeret, en konto p\u00e5 Discord og v\u00e6re medlem af foreningen Para E-sport Danmark. Program: [&hellip;]<\/p>\n","protected":false},"author":2,"featured_media":607,"parent":0,"menu_order":0,"comment_status":"closed","ping_status":"closed","template":"","meta":{"footnotes":""},"class_list":["post-270","page","type-page","status-publish","has-post-thumbnail","hentry"],"acf":[],"_links":{"self":[{"href":"https:\/\/www.parae-sport.dk\/index.php\/wp-json\/wp\/v2\/pages\/270","targetHints":{"allow":["GET"]}}],"collection":[{"href":"https:\/\/www.parae-sport.dk\/index.php\/wp-json\/wp\/v2\/pages"}],"about":[{"href":"https:\/\/www.parae-sport.dk\/index.php\/wp-json\/wp\/v2\/types\/page"}],"author":[{"embeddable":true,"href":"https:\/\/www.parae-sport.dk\/index.php\/wp-json\/wp\/v2\/users\/2"}],"replies":[{"embeddable":true,"href":"https:\/\/www.parae-sport.dk\/index.php\/wp-json\/wp\/v2\/comments?post=270"}],"version-history":[{"count":22,"href":"https:\/\/www.parae-sport.dk\/index.php\/wp-json\/wp\/v2\/pages\/270\/revisions"}],"predecessor-version":[{"id":694,"href":"https:\/\/www.parae-sport.dk\/index.php\/wp-json\/wp\/v2\/pages\/270\/revisions\/694"}],"wp:featuredmedia":[{"embeddable":true,"href":"https:\/\/www.parae-sport.dk\/index.php\/wp-json\/wp\/v2\/media\/607"}],"wp:attachment":[{"href":"https:\/\/www.parae-sport.dk\/index.php\/wp-json\/wp\/v2\/media?parent=270"}],"curies":[{"name":"wp","href":"https:\/\/api.w.org\/{rel}","templated":true}]}}