{"id":338,"date":"2022-08-28T20:37:23","date_gmt":"2022-08-28T18:37:23","guid":{"rendered":"https:\/\/www.parae-sport.dk\/?page_id=338"},"modified":"2022-08-28T20:39:31","modified_gmt":"2022-08-28T18:39:31","slug":"oensker-du-andre-hold","status":"publish","type":"page","link":"https:\/\/www.parae-sport.dk\/index.php\/oensker-du-andre-hold\/","title":{"rendered":"\u00d8nsker du andre hold?"},"content":{"rendered":"<p>Vi \u00f8nsker at tilpasse os medlemmernes \u00f8nsker. S\u00e5 hvis vi ikke har det hold, som du godt kunne t\u00e6nke dig at spille p\u00e5, s\u00e5 send os en mail om dit \u00f8nske p\u00e5<\/p>\n<p><a href=\"mailto:mail@parae-sport.dk\">mail@parae-sport.dk<\/a><\/p>\n<p>M\u00e5ske er der andre, med samme \u00f8nske som dig.<\/p>\n","protected":false},"excerpt":{"rendered":"<p>Vi \u00f8nsker at tilpasse os medlemmernes \u00f8nsker. S\u00e5 hvis vi ikke har det hold, som du godt kunne t\u00e6nke dig at spille p\u00e5, s\u00e5 send os en mail om dit \u00f8nske p\u00e5 mail@parae-sport.dk M\u00e5ske er der andre, med samme \u00f8nske som dig.<\/p>\n","protected":false},"author":2,"featured_media":0,"parent":0,"menu_order":0,"comment_status":"closed","ping_status":"closed","template":"","meta":{"footnotes":""},"class_list":["post-338","page","type-page","status-publish","hentry"],"acf":[],"_links":{"self":[{"href":"https:\/\/www.parae-sport.dk\/index.php\/wp-json\/wp\/v2\/pages\/338","targetHints":{"allow":["GET"]}}],"collection":[{"href":"https:\/\/www.parae-sport.dk\/index.php\/wp-json\/wp\/v2\/pages"}],"about":[{"href":"https:\/\/www.parae-sport.dk\/index.php\/wp-json\/wp\/v2\/types\/page"}],"author":[{"embeddable":true,"href":"https:\/\/www.parae-sport.dk\/index.php\/wp-json\/wp\/v2\/users\/2"}],"replies":[{"embeddable":true,"href":"https:\/\/www.parae-sport.dk\/index.php\/wp-json\/wp\/v2\/comments?post=338"}],"version-history":[{"count":2,"href":"https:\/\/www.parae-sport.dk\/index.php\/wp-json\/wp\/v2\/pages\/338\/revisions"}],"predecessor-version":[{"id":342,"href":"https:\/\/www.parae-sport.dk\/index.php\/wp-json\/wp\/v2\/pages\/338\/revisions\/342"}],"wp:attachment":[{"href":"https:\/\/www.parae-sport.dk\/index.php\/wp-json\/wp\/v2\/media?parent=338"}],"curies":[{"name":"wp","href":"https:\/\/api.w.org\/{rel}","templated":true}]}}