{"id":382,"date":"2023-01-02T19:57:47","date_gmt":"2023-01-02T18:57:47","guid":{"rendered":"https:\/\/www.parae-sport.dk\/?page_id=382"},"modified":"2025-05-08T20:21:53","modified_gmt":"2025-05-08T18:21:53","slug":"fortnite","status":"publish","type":"page","link":"https:\/\/www.parae-sport.dk\/index.php\/fortnite\/","title":{"rendered":"Fortnite"},"content":{"rendered":"<p><span style=\"font-weight: 400;\"><strong>Alder:<\/strong> 10-18 \u00e5r<\/span><\/p>\n<p><span style=\"font-weight: 400;\"><strong>Tidspunkt:<\/strong> Mandag fra kl. 1600-1700<\/span><\/p>\n<p><span style=\"font-weight: 400;\"><strong>Sted:<\/strong> online via Discord<\/span><\/p>\n<p><span style=\"font-weight: 400;\"><strong>S\u00e6son:<\/strong> Efter\u00e5r Uge 36-51 Med undtagelse af skole ferie\/skolefridage<\/span><\/p>\n<p><strong>Pris:<\/strong> medlemskab i foreningen \u00e5rligt 100 kr. Efter\u00e5rss\u00e6sonen p\u00e5 hold 800 kr. (uge 36-51)<\/p>\n<p><span style=\"font-weight: 400;\"><strong>Foruds\u00e6tninger:<\/strong> Du skal have en computer med spillet installeret, en konto p\u00e5 Discord og v\u00e6re medlem af foreningen Para E-sport Danmark.<\/span><\/p>\n<p><strong>Program:<br \/><\/strong><span style=\"font-weight: 400;\">Vil du vinde i Fortnite samtidig med at du skaber fantastiske venskaber? s\u00e5 bliv en del at fortnite i Para e-sport, vi har plads til alle! <br \/>I Fortnite kan man deltage solo, duo eller i et squad best\u00e5ende af fire spillere, der skal l\u00f8se forskellige missioner fx samle ressourcer, opbygge f\u00e6stninger og konstruere v\u00e5ben og f\u00e6lder.\u00a0<br \/><\/span><span style=\"font-weight: 400;\">I Fortnite opfordres man til at spille sammen med andre, idet man kan genoplive hinanden inden for 50 sekunder, hvis man bliver dr\u00e6bt, og man kan hj\u00e6lpes ad med at l\u00f8se missioner der skaffer v\u00e5ben og ressourcer.\u00a0<br \/>Tr\u00e6ningen kommer til at v\u00e6re flexibel, og \u00e6ndre sig baseret p\u00e5 holdets deltagere. Fokus vil altid v\u00e6re sjov sammen med alle andre deltagere. Vi kommer til at spille en del forskellige game modes og udvikle jeres skills i spillet.<\/span><span style=\"font-weight: 400;\">\u00a0Vi tr\u00e6ner blandt andet aim, bygning ved hj\u00e6lp af materialer, kortl\u00e6sning og at tilpasse sig til ens milj\u00f8.<\/span><\/p>\n<p><span style=\"font-weight: 400;\"><strong>Andet: <\/strong><\/span><span style=\"font-weight: 400;\">meddelelser om aflysning af tr\u00e6ning o.lign. sker i foreningens facebookgruppe.\u00a0<br \/><\/span><span style=\"font-weight: 400;\">Det er godt at have et heads\u00e6t eller sidde et sted, uden baggrundsst\u00f8j af hensyn til de andre spillere.<br \/><\/span><span style=\"font-weight: 400;\">Der bliver oprettet hold ved minimum seks spillere.<br \/><\/span><span style=\"font-weight: 400;\">Du er velkommen til at f\u00e5 en pr\u00f8vetime f\u00f8rste gang.\u00a0<br \/><\/span><span style=\"font-weight: 400;\">Hvis du har behov for udredningen ift. udstyr til spil, s\u00e5 henvend dig til foreningen.<\/span><\/p>\n<p><span style=\"font-weight: 400;\">Underviser er fra S\u00f8rby Esport<\/span><\/p>\n<p><span style=\"font-weight: 400;\">Hvis I vil vide mere s\u00e5 skriv til os p\u00e5 mail@parae-sport.dk<\/span><\/p>\n<p>Der kommer besked om holdet bliver oprettet, n\u00e5r vi kan se at minimums deltagerantallet er opn\u00e5et.<\/p>\n\n\n<div class=\"wp-block-buttons is-layout-flex wp-block-buttons-is-layout-flex\">\n<div class=\"wp-block-button\"><a class=\"wp-block-button__link wp-element-button\" href=\"https:\/\/www.parae-sport.dk\/index.php\/tilmelding?spil=fortnite\">Tilmeld<\/a><\/div>\n<\/div>\n","protected":false},"excerpt":{"rendered":"<p>Alder: 10-18 \u00e5r Tidspunkt: Mandag fra kl. 1600-1700 Sted: online via Discord S\u00e6son: Efter\u00e5r Uge 36-51 Med undtagelse af skole ferie\/skolefridage Pris: medlemskab i foreningen \u00e5rligt 100 kr. Efter\u00e5rss\u00e6sonen p\u00e5 hold 800 kr. (uge 36-51) Foruds\u00e6tninger: Du skal have en computer med spillet installeret, en konto p\u00e5 Discord og v\u00e6re medlem af foreningen Para E-sport [&hellip;]<\/p>\n","protected":false},"author":2,"featured_media":605,"parent":0,"menu_order":0,"comment_status":"closed","ping_status":"closed","template":"","meta":{"footnotes":""},"class_list":["post-382","page","type-page","status-publish","has-post-thumbnail","hentry"],"acf":[],"_links":{"self":[{"href":"https:\/\/www.parae-sport.dk\/index.php\/wp-json\/wp\/v2\/pages\/382","targetHints":{"allow":["GET"]}}],"collection":[{"href":"https:\/\/www.parae-sport.dk\/index.php\/wp-json\/wp\/v2\/pages"}],"about":[{"href":"https:\/\/www.parae-sport.dk\/index.php\/wp-json\/wp\/v2\/types\/page"}],"author":[{"embeddable":true,"href":"https:\/\/www.parae-sport.dk\/index.php\/wp-json\/wp\/v2\/users\/2"}],"replies":[{"embeddable":true,"href":"https:\/\/www.parae-sport.dk\/index.php\/wp-json\/wp\/v2\/comments?post=382"}],"version-history":[{"count":18,"href":"https:\/\/www.parae-sport.dk\/index.php\/wp-json\/wp\/v2\/pages\/382\/revisions"}],"predecessor-version":[{"id":695,"href":"https:\/\/www.parae-sport.dk\/index.php\/wp-json\/wp\/v2\/pages\/382\/revisions\/695"}],"wp:featuredmedia":[{"embeddable":true,"href":"https:\/\/www.parae-sport.dk\/index.php\/wp-json\/wp\/v2\/media\/605"}],"wp:attachment":[{"href":"https:\/\/www.parae-sport.dk\/index.php\/wp-json\/wp\/v2\/media?parent=382"}],"curies":[{"name":"wp","href":"https:\/\/api.w.org\/{rel}","templated":true}]}}