{"id":40,"date":"2022-08-03T20:51:23","date_gmt":"2022-08-03T18:51:23","guid":{"rendered":"http:\/\/esport.sfw.dk\/?page_id=40"},"modified":"2024-12-21T23:07:00","modified_gmt":"2024-12-21T22:07:00","slug":"forside","status":"publish","type":"page","link":"https:\/\/www.parae-sport.dk\/","title":{"rendered":""},"content":{"rendered":"\n<div class=\"wp-block-columns is-layout-flex wp-container-core-columns-is-layout-28f84493 wp-block-columns-is-layout-flex\">\n<div class=\"wp-block-column is-layout-flow wp-block-column-is-layout-flow\" style=\"flex-basis:100%\">\n<div class=\"wp-block-cover aligncenter\"><span aria-hidden=\"true\" class=\"wp-block-cover__background has-background-dim\"><\/span><img loading=\"lazy\" decoding=\"async\" width=\"1661\" height=\"554\" class=\"wp-block-cover__image-background wp-image-531\" alt=\"\" src=\"https:\/\/www.parae-sport.dk\/wp-content\/uploads\/2024\/06\/image.jpeg\" data-object-fit=\"cover\"\/><div class=\"wp-block-cover__inner-container is-layout-flow wp-block-cover-is-layout-flow\">\n<p class=\"has-text-align-center has-large-font-size\"><\/p>\n<\/div><\/div>\n<\/div>\n<\/div>\n\n\n\n<p class=\"has-text-align-center has-larger-font-size\"><strong>&#8220;Alle skal have mulighed for at game&#8221;<\/strong><\/p>\n\n\n\n<div class=\"wp-block-columns is-layout-flex wp-container-core-columns-is-layout-28f84493 wp-block-columns-is-layout-flex\">\n<div class=\"wp-block-column is-layout-flow wp-block-column-is-layout-flow\" style=\"flex-basis:25%\"><\/div>\n\n\n\n<div class=\"wp-block-column is-layout-flow wp-block-column-is-layout-flow\" style=\"flex-basis:50%\">\n<p>I vores forening f\u00e5r du mulighed for at f\u00e5 nye f\u00e6llesskaber og m\u00e6rke gl\u00e6den ved at game.<br data-rich-text-line-break=\"true\" \/>Vi \u00f8nsker at mennesker der grundet en funktionsneds\u00e6ttelse ikke kan game p\u00e5 lige fod med andre, skal have muligheden i foreningen.<br \/>Tilmeld dig s\u00e6sonens online hold &#8211; tr\u00e6ningen begynder den f\u00f8rste uge af september.<br \/>Hvis du ikke allerede spiller og har brug for hj\u00e6lp, s\u00e5 skriv til os.<\/p>\n<\/div>\n\n\n\n<div class=\"wp-block-column is-layout-flow wp-block-column-is-layout-flow\" style=\"flex-basis:25%\"><\/div>\n<\/div>\n\n\n\n<p><\/p>\n\n\n\n<div class=\"wp-block-query is-layout-constrained wp-block-query-is-layout-constrained\">\n<hr class=\"wp-block-separator has-css-opacity alignwide is-style-wide\"\/>\n\n\n<\/div>\n\n\n\n<p><\/p>\n\n\n\n<p class=\"has-text-align-center has-text-color has-link-color wp-elements-4cb5b6080af662340712ef802e983945\" style=\"color:#d8ff00;font-size:65px\"><strong>HOLD<\/strong><\/p>\n\n\n\n<div class=\"wp-block-columns is-layout-flex wp-container-core-columns-is-layout-28f84493 wp-block-columns-is-layout-flex\">\n<div class=\"wp-block-column is-layout-flow wp-block-column-is-layout-flow\">\n<div class=\"wp-block-cover aligncenter has-aspect-ratio\" style=\"margin-top:0;margin-bottom:0;padding-right:0;padding-left:0;min-height:100%;aspect-ratio:1;min-height:unset;\"><span aria-hidden=\"true\" class=\"wp-block-cover__background has-background-dim\" style=\"background-color:#5a4f45\"><\/span><img loading=\"lazy\" decoding=\"async\" width=\"428\" height=\"413\" class=\"wp-block-cover__image-background wp-image-380\" alt=\"\" src=\"https:\/\/www.parae-sport.dk\/wp-content\/uploads\/2023\/01\/fortnite.jpg\" data-object-fit=\"cover\" srcset=\"https:\/\/www.parae-sport.dk\/wp-content\/uploads\/2023\/01\/fortnite.jpg 428w, https:\/\/www.parae-sport.dk\/wp-content\/uploads\/2023\/01\/fortnite-300x289.jpg 300w\" sizes=\"auto, (max-width: 428px) 100vw, 428px\" \/><div class=\"wp-block-cover__inner-container is-layout-constrained wp-container-core-cover-is-layout-9f118917 wp-block-cover-is-layout-constrained\">\n<p class=\"has-text-align-center has-text-color has-link-color wp-elements-14f1bc2bd096169bc46856fc67e400bf\" style=\"color:#d8ff00;font-size:50px\"><a href=\"https:\/\/www.parae-sport.dk\/index.php\/fortnite\/\" data-type=\"page\" data-id=\"382\">Fortnite<\/a><\/p>\n<\/div><\/div>\n<\/div>\n\n\n\n<div class=\"wp-block-column is-layout-flow wp-block-column-is-layout-flow\">\n<div class=\"wp-block-cover aligncenter has-aspect-ratio\" style=\"margin-top:0;margin-bottom:0;padding-right:0;padding-left:0;min-height:100%;aspect-ratio:1;min-height:unset;\"><span aria-hidden=\"true\" class=\"wp-block-cover__background has-background-dim\" style=\"background-color:#5a4f45\"><\/span><img loading=\"lazy\" decoding=\"async\" width=\"289\" height=\"346\" class=\"wp-block-cover__image-background wp-image-600\" alt=\"\" src=\"https:\/\/www.parae-sport.dk\/wp-content\/uploads\/2024\/06\/CS2_Cover_Art.jpg\" data-object-fit=\"cover\"\/><div class=\"wp-block-cover__inner-container is-layout-constrained wp-container-core-cover-is-layout-9f118917 wp-block-cover-is-layout-constrained\">\n<p class=\"has-text-align-center has-text-color has-link-color wp-elements-e2642d13a092498a697f7cf80f1c9c27\" style=\"color:#d8ff00;font-size:50px\"><a href=\"https:\/\/www.parae-sport.dk\/index.php\/csgo\/\" data-type=\"page\" data-id=\"112\">Counter-Strike 2<\/a><\/p>\n<\/div><\/div>\n<\/div>\n\n\n\n<div class=\"wp-block-column is-layout-flow wp-block-column-is-layout-flow\">\n<div class=\"wp-block-cover aligncenter has-aspect-ratio\" style=\"margin-top:0;margin-bottom:0;padding-right:0;padding-left:0;min-height:100%;aspect-ratio:1;min-height:unset;\"><span aria-hidden=\"true\" class=\"wp-block-cover__background has-background-dim\" style=\"background-color:#5a4f45\"><\/span><img loading=\"lazy\" decoding=\"async\" width=\"500\" height=\"500\" class=\"wp-block-cover__image-background wp-image-153\" alt=\"\" src=\"https:\/\/www.parae-sport.dk\/wp-content\/uploads\/2022\/08\/farming-simulator-22-500.jpg\" data-object-fit=\"cover\" srcset=\"https:\/\/www.parae-sport.dk\/wp-content\/uploads\/2022\/08\/farming-simulator-22-500.jpg 500w, https:\/\/www.parae-sport.dk\/wp-content\/uploads\/2022\/08\/farming-simulator-22-500-300x300.jpg 300w, https:\/\/www.parae-sport.dk\/wp-content\/uploads\/2022\/08\/farming-simulator-22-500-150x150.jpg 150w\" sizes=\"auto, (max-width: 500px) 100vw, 500px\" \/><div class=\"wp-block-cover__inner-container is-layout-constrained wp-container-core-cover-is-layout-9f118917 wp-block-cover-is-layout-constrained\">\n<p class=\"has-text-align-center has-text-color has-link-color wp-elements-0fc5ae45df47d04ffda8f6b46ba2bb78\" style=\"color:#d8ff00;font-size:50px\"><a href=\"https:\/\/www.parae-sport.dk\/index.php\/farming-22\/\" data-type=\"page\" data-id=\"270\">Farming 22<\/a><\/p>\n<\/div><\/div>\n<\/div>\n<\/div>\n\n\n\n<div class=\"wp-block-columns is-layout-flex wp-container-core-columns-is-layout-28f84493 wp-block-columns-is-layout-flex\">\n<div class=\"wp-block-column is-layout-flow wp-block-column-is-layout-flow\">\n<div class=\"wp-block-cover aligncenter has-aspect-ratio\" style=\"margin-top:0;margin-bottom:0;padding-right:0;padding-left:0;min-height:100%;aspect-ratio:1;min-height:unset;\"><span aria-hidden=\"true\" class=\"wp-block-cover__background has-background-dim\" style=\"background-color:#5a4f45\"><\/span><img loading=\"lazy\" decoding=\"async\" width=\"500\" height=\"500\" class=\"wp-block-cover__image-background wp-image-155\" alt=\"\" src=\"https:\/\/www.parae-sport.dk\/wp-content\/uploads\/2022\/08\/minecraft-1-500.jpg\" style=\"object-position:50% 50%\" data-object-fit=\"cover\" data-object-position=\"50% 50%\" srcset=\"https:\/\/www.parae-sport.dk\/wp-content\/uploads\/2022\/08\/minecraft-1-500.jpg 500w, https:\/\/www.parae-sport.dk\/wp-content\/uploads\/2022\/08\/minecraft-1-500-300x300.jpg 300w, https:\/\/www.parae-sport.dk\/wp-content\/uploads\/2022\/08\/minecraft-1-500-150x150.jpg 150w\" sizes=\"auto, (max-width: 500px) 100vw, 500px\" \/><div class=\"wp-block-cover__inner-container is-layout-constrained wp-container-core-cover-is-layout-9f118917 wp-block-cover-is-layout-constrained\">\n<p class=\"has-text-align-center has-text-color has-link-color wp-elements-513779471feb5c73a92e29e782005874\" style=\"color:#d8ff00;font-size:50px\"><a href=\"https:\/\/www.parae-sport.dk\/index.php\/minecraft-begynder\/\" data-type=\"page\" data-id=\"105\">Minecraft<\/a><\/p>\n<\/div><\/div>\n<\/div>\n\n\n\n<div class=\"wp-block-column is-layout-flow wp-block-column-is-layout-flow\">\n<div class=\"wp-block-cover aligncenter has-aspect-ratio\" style=\"margin-top:0;margin-bottom:0;padding-right:0;padding-left:0;min-height:100%;aspect-ratio:1;min-height:unset;\"><span aria-hidden=\"true\" class=\"wp-block-cover__background has-background-dim\" style=\"background-color:#5a4f45\"><\/span><img loading=\"lazy\" decoding=\"async\" width=\"760\" height=\"427\" class=\"wp-block-cover__image-background wp-image-647\" alt=\"\" src=\"https:\/\/www.parae-sport.dk\/wp-content\/uploads\/2024\/12\/FC25_Forside.jpeg\" data-object-fit=\"cover\" srcset=\"https:\/\/www.parae-sport.dk\/wp-content\/uploads\/2024\/12\/FC25_Forside.jpeg 760w, https:\/\/www.parae-sport.dk\/wp-content\/uploads\/2024\/12\/FC25_Forside-300x169.jpeg 300w\" sizes=\"auto, (max-width: 760px) 100vw, 760px\" \/><div class=\"wp-block-cover__inner-container is-layout-constrained wp-container-core-cover-is-layout-9f118917 wp-block-cover-is-layout-constrained\">\n<p class=\"has-text-align-center has-text-color has-link-color wp-elements-505120a3e979ebda42f079ba8c23524d\" style=\"color:#d8ff00;font-size:50px\"><a href=\"https:\/\/www.parae-sport.dk\/index.php\/fc25\/\" data-type=\"page\" data-id=\"338\">FC25<\/a><\/p>\n<\/div><\/div>\n<\/div>\n\n\n\n<div class=\"wp-block-column is-layout-flow wp-block-column-is-layout-flow\">\n<div class=\"wp-block-cover aligncenter has-aspect-ratio\" style=\"margin-top:0;margin-bottom:0;padding-right:0;padding-left:0;min-height:100%;aspect-ratio:1;min-height:unset;\"><span aria-hidden=\"true\" class=\"wp-block-cover__background has-background-dim\" style=\"background-color:#5a4f45\"><\/span><img loading=\"lazy\" decoding=\"async\" width=\"1920\" height=\"1080\" class=\"wp-block-cover__image-background wp-image-568\" alt=\"\" src=\"https:\/\/www.parae-sport.dk\/wp-content\/uploads\/2024\/06\/XboxWire-GAAD-Hero-Asset-d0c968763f94f7a84884.jpg\" data-object-fit=\"cover\"\/><div class=\"wp-block-cover__inner-container is-layout-constrained wp-container-core-cover-is-layout-9f118917 wp-block-cover-is-layout-constrained\">\n<p class=\"has-text-align-center has-text-color has-link-color wp-elements-6cd1671dbdfa176fec92a5bdd2c112f3\" style=\"color:#d8ff00;font-size:50px\"><a href=\"https:\/\/www.parae-sport.dk\/index.php\/tilmelding-stoettemedlem\/\" data-type=\"page\" data-id=\"118\">Bliv medlem<\/a><\/p>\n<\/div><\/div>\n<\/div>\n<\/div>\n\n\n\n<div class=\"wp-block-columns is-layout-flex wp-container-core-columns-is-layout-28f84493 wp-block-columns-is-layout-flex\">\n<div class=\"wp-block-column is-layout-flow wp-block-column-is-layout-flow\">\n<div class=\"wp-block-cover aligncenter has-aspect-ratio\" style=\"margin-top:0;margin-bottom:0;padding-right:0;padding-left:0;min-height:100%;aspect-ratio:1;min-height:unset;\"><span aria-hidden=\"true\" class=\"wp-block-cover__background has-background-dim\" style=\"background-color:#5a4f45\"><\/span><img loading=\"lazy\" decoding=\"async\" width=\"412\" height=\"317\" class=\"wp-block-cover__image-background wp-image-331\" alt=\"\" src=\"https:\/\/www.parae-sport.dk\/wp-content\/uploads\/2022\/08\/flere-spil.png\" data-object-fit=\"cover\" srcset=\"https:\/\/www.parae-sport.dk\/wp-content\/uploads\/2022\/08\/flere-spil.png 412w, https:\/\/www.parae-sport.dk\/wp-content\/uploads\/2022\/08\/flere-spil-300x231.png 300w\" sizes=\"auto, (max-width: 412px) 100vw, 412px\" \/><div class=\"wp-block-cover__inner-container is-layout-constrained wp-container-core-cover-is-layout-9f118917 wp-block-cover-is-layout-constrained\">\n<p class=\"has-text-align-center has-text-color has-link-color wp-elements-d8e31e7eb04da0c957e81a46e0f3cf48\" style=\"color:#d8ff00;font-size:50px\"><a href=\"https:\/\/www.parae-sport.dk\/index.php\/oensker-du-andre-hold\/\" data-type=\"page\" data-id=\"338\">\u00d8nsker du andre hold<\/a><\/p>\n<\/div><\/div>\n<\/div>\n\n\n\n<div class=\"wp-block-column is-layout-flow wp-block-column-is-layout-flow\"><\/div>\n\n\n\n<div class=\"wp-block-column is-layout-flow wp-block-column-is-layout-flow\"><\/div>\n<\/div>\n\n\n<p style=\"color:#d8ff00; font-size:40px;font-style:normal;font-weight:700;\" class=\"has-text-align-center wp-elements-b2aca419c59299c9f84461e96d218d8a wp-block-site-tagline has-text-color\">Hjemsted for foreningen Para E-sport Danmark<\/p>\n\n\n<p><\/p>\n\n\n\n<div class=\"wp-block-query is-layout-constrained wp-block-query-is-layout-constrained\">\n<hr class=\"wp-block-separator has-css-opacity alignwide is-style-wide\"\/>\n\n\n<\/div>\n\n\n\n<p><\/p>\n\n\n\n<p class=\"has-text-align-center has-text-color has-link-color has-ar-one-sans-font-family wp-elements-11e5c6bc2a6b1319b23c3796acc49d78\" style=\"color:#d8ff00;font-size:65px\"><strong>SIDSTE NYT<\/strong><\/p>\n\n\n\n<div class=\"wp-block-columns is-layout-flex wp-container-core-columns-is-layout-28f84493 wp-block-columns-is-layout-flex\">\n<div class=\"wp-block-column has-background-color has-text-color has-link-color wp-elements-f2915bfa070b9f0c6bd4ea00c534dbe1 is-layout-flow wp-block-column-is-layout-flow\">\n<div class=\"wp-block-query is-layout-constrained wp-block-query-is-layout-constrained\"><ul class=\"columns-3 wp-block-post-template is-layout-grid wp-container-core-post-template-is-layout-6d3fbd8f wp-block-post-template-is-layout-grid\"><li class=\"wp-block-post post-697 post type-post status-publish format-standard has-post-thumbnail hentry category-ikke-kategoriseret\">\n<figure style=\"width:100%;height:200px;\" class=\"wp-block-post-featured-image\"><a href=\"https:\/\/www.parae-sport.dk\/index.php\/2025\/05\/08\/efteraarssaeson-2025\/\" target=\"_self\"  style=\"height:200px\"><img loading=\"lazy\" decoding=\"async\" width=\"2000\" height=\"1000\" src=\"https:\/\/www.parae-sport.dk\/wp-content\/uploads\/2024\/08\/opstart_q3_2024_fortnite.png\" class=\"attachment-post-thumbnail size-post-thumbnail wp-post-image\" alt=\"Efter\u00e5rss\u00e6son 2025\" style=\"height:200px;object-fit:cover;\" \/><\/a><\/figure>\n\n\n<div class=\"wp-block-columns is-not-stacked-on-mobile is-layout-flex wp-container-core-columns-is-layout-1b75516c wp-block-columns-is-layout-flex\">\n<div class=\"wp-block-column is-layout-flow wp-block-column-is-layout-flow\"><h2 style=\"font-style:normal;font-weight:400; margin-top:0.2em;\" class=\"wp-block-post-title has-small-font-size has-system-font-font-family\"><a href=\"https:\/\/www.parae-sport.dk\/index.php\/2025\/05\/08\/efteraarssaeson-2025\/\" target=\"_self\" >Efter\u00e5rss\u00e6son 2025<\/a><\/h2><\/div>\n\n\n\n<div class=\"wp-block-column is-layout-flow wp-block-column-is-layout-flow\" style=\"flex-basis:4em\"><div style=\"font-style:italic;font-weight:400;\" class=\"has-text-align-right wp-block-post-date has-small-font-size\"><time datetime=\"2025-05-08T20:28:55+02:00\">05.08.25<\/time><\/div><\/div>\n<\/div>\n\n<\/li><li class=\"wp-block-post post-678 post type-post status-publish format-standard has-post-thumbnail hentry category-ikke-kategoriseret\">\n<figure style=\"width:100%;height:200px;\" class=\"wp-block-post-featured-image\"><a href=\"https:\/\/www.parae-sport.dk\/index.php\/2025\/02\/20\/generalforsamling-2025\/\" target=\"_self\"  style=\"height:200px\"><img loading=\"lazy\" decoding=\"async\" width=\"225\" height=\"225\" src=\"https:\/\/www.parae-sport.dk\/wp-content\/uploads\/2025\/02\/general-forsamling.jpg\" class=\"attachment-post-thumbnail size-post-thumbnail wp-post-image\" alt=\"Generalforsamling 2025\" style=\"height:200px;object-fit:cover;\" srcset=\"https:\/\/www.parae-sport.dk\/wp-content\/uploads\/2025\/02\/general-forsamling.jpg 225w, https:\/\/www.parae-sport.dk\/wp-content\/uploads\/2025\/02\/general-forsamling-150x150.jpg 150w\" sizes=\"auto, (max-width: 225px) 100vw, 225px\" \/><\/a><\/figure>\n\n\n<div class=\"wp-block-columns is-not-stacked-on-mobile is-layout-flex wp-container-core-columns-is-layout-1b75516c wp-block-columns-is-layout-flex\">\n<div class=\"wp-block-column is-layout-flow wp-block-column-is-layout-flow\"><h2 style=\"font-style:normal;font-weight:400; margin-top:0.2em;\" class=\"wp-block-post-title has-small-font-size has-system-font-font-family\"><a href=\"https:\/\/www.parae-sport.dk\/index.php\/2025\/02\/20\/generalforsamling-2025\/\" target=\"_self\" >Generalforsamling 2025<\/a><\/h2><\/div>\n\n\n\n<div class=\"wp-block-column is-layout-flow wp-block-column-is-layout-flow\" style=\"flex-basis:4em\"><div style=\"font-style:italic;font-weight:400;\" class=\"has-text-align-right wp-block-post-date has-small-font-size\"><time datetime=\"2025-02-20T20:14:17+01:00\">02.20.25<\/time><\/div><\/div>\n<\/div>\n\n<\/li><li class=\"wp-block-post post-672 post type-post status-publish format-standard has-post-thumbnail hentry category-ikke-kategoriseret\">\n<figure style=\"width:100%;height:200px;\" class=\"wp-block-post-featured-image\"><a href=\"https:\/\/www.parae-sport.dk\/index.php\/2025\/01\/02\/foraarssaeson-2025\/\" target=\"_self\"  style=\"height:200px\"><img loading=\"lazy\" decoding=\"async\" width=\"686\" height=\"386\" src=\"https:\/\/www.parae-sport.dk\/wp-content\/uploads\/2025\/01\/hq720.jpg\" class=\"attachment-post-thumbnail size-post-thumbnail wp-post-image\" alt=\"For\u00e5rss\u00e6son 2025\" style=\"height:200px;object-fit:cover;\" srcset=\"https:\/\/www.parae-sport.dk\/wp-content\/uploads\/2025\/01\/hq720.jpg 686w, https:\/\/www.parae-sport.dk\/wp-content\/uploads\/2025\/01\/hq720-300x169.jpg 300w\" sizes=\"auto, (max-width: 686px) 100vw, 686px\" \/><\/a><\/figure>\n\n\n<div class=\"wp-block-columns is-not-stacked-on-mobile is-layout-flex wp-container-core-columns-is-layout-1b75516c wp-block-columns-is-layout-flex\">\n<div class=\"wp-block-column is-layout-flow wp-block-column-is-layout-flow\"><h2 style=\"font-style:normal;font-weight:400; margin-top:0.2em;\" class=\"wp-block-post-title has-small-font-size has-system-font-font-family\"><a href=\"https:\/\/www.parae-sport.dk\/index.php\/2025\/01\/02\/foraarssaeson-2025\/\" target=\"_self\" >For\u00e5rss\u00e6son 2025<\/a><\/h2><\/div>\n\n\n\n<div class=\"wp-block-column is-layout-flow wp-block-column-is-layout-flow\" style=\"flex-basis:4em\"><div style=\"font-style:italic;font-weight:400;\" class=\"has-text-align-right wp-block-post-date has-small-font-size\"><time datetime=\"2025-01-02T14:49:26+01:00\">01.02.25<\/time><\/div><\/div>\n<\/div>\n\n<\/li><li class=\"wp-block-post post-620 post type-post status-publish format-standard has-post-thumbnail hentry category-ikke-kategoriseret\">\n<figure style=\"width:100%;height:200px;\" class=\"wp-block-post-featured-image\"><a href=\"https:\/\/www.parae-sport.dk\/index.php\/2024\/08\/22\/efteraarssaesonen-starter-uge-36\/\" target=\"_self\"  style=\"height:200px\"><img loading=\"lazy\" decoding=\"async\" width=\"2000\" height=\"1000\" src=\"https:\/\/www.parae-sport.dk\/wp-content\/uploads\/2024\/08\/opstart_q3_2024_fortnite.png\" class=\"attachment-post-thumbnail size-post-thumbnail wp-post-image\" alt=\"Efter\u00e5rss\u00e6sonen starter uge 36\" style=\"height:200px;object-fit:cover;\" \/><\/a><\/figure>\n\n\n<div class=\"wp-block-columns is-not-stacked-on-mobile is-layout-flex wp-container-core-columns-is-layout-1b75516c wp-block-columns-is-layout-flex\">\n<div class=\"wp-block-column is-layout-flow wp-block-column-is-layout-flow\"><h2 style=\"font-style:normal;font-weight:400; margin-top:0.2em;\" class=\"wp-block-post-title has-small-font-size has-system-font-font-family\"><a href=\"https:\/\/www.parae-sport.dk\/index.php\/2024\/08\/22\/efteraarssaesonen-starter-uge-36\/\" target=\"_self\" >Efter\u00e5rss\u00e6sonen starter uge 36<\/a><\/h2><\/div>\n\n\n\n<div class=\"wp-block-column is-layout-flow wp-block-column-is-layout-flow\" style=\"flex-basis:4em\"><div style=\"font-style:italic;font-weight:400;\" class=\"has-text-align-right wp-block-post-date has-small-font-size\"><time datetime=\"2024-08-22T21:38:09+02:00\">08.22.24<\/time><\/div><\/div>\n<\/div>\n\n<\/li><li class=\"wp-block-post post-617 post type-post status-publish format-standard has-post-thumbnail hentry category-ikke-kategoriseret\">\n<figure style=\"width:100%;height:200px;\" class=\"wp-block-post-featured-image\"><a href=\"https:\/\/www.parae-sport.dk\/index.php\/2024\/08\/08\/saa-er-dersaa-er-der-aaben-for-tilmeldinger-af-efteraars-saesonen\/\" target=\"_self\"  style=\"height:200px\"><img loading=\"lazy\" decoding=\"async\" width=\"3000\" height=\"3000\" src=\"https:\/\/www.parae-sport.dk\/wp-content\/uploads\/2024\/06\/Logotilwebogtryk-01.svg\" class=\"attachment-post-thumbnail size-post-thumbnail wp-post-image\" alt=\"S\u00e5 er derS\u00e5 er der \u00e5ben for tilmeldinger af efter\u00e5rs s\u00e6sonen\" style=\"height:200px;object-fit:cover;\" \/><\/a><\/figure>\n\n\n<div class=\"wp-block-columns is-not-stacked-on-mobile is-layout-flex wp-container-core-columns-is-layout-1b75516c wp-block-columns-is-layout-flex\">\n<div class=\"wp-block-column is-layout-flow wp-block-column-is-layout-flow\"><h2 style=\"font-style:normal;font-weight:400; margin-top:0.2em;\" class=\"wp-block-post-title has-small-font-size has-system-font-font-family\"><a href=\"https:\/\/www.parae-sport.dk\/index.php\/2024\/08\/08\/saa-er-dersaa-er-der-aaben-for-tilmeldinger-af-efteraars-saesonen\/\" target=\"_self\" >S\u00e5 er derS\u00e5 er der \u00e5ben for tilmeldinger af efter\u00e5rs s\u00e6sonen<\/a><\/h2><\/div>\n\n\n\n<div class=\"wp-block-column is-layout-flow wp-block-column-is-layout-flow\" style=\"flex-basis:4em\"><div style=\"font-style:italic;font-weight:400;\" class=\"has-text-align-right wp-block-post-date has-small-font-size\"><time datetime=\"2024-08-08T21:28:01+02:00\">08.08.24<\/time><\/div><\/div>\n<\/div>\n\n<\/li><li class=\"wp-block-post post-595 post type-post status-publish format-standard has-post-thumbnail hentry category-ikke-kategoriseret\">\n<figure style=\"width:100%;height:200px;\" class=\"wp-block-post-featured-image\"><a href=\"https:\/\/www.parae-sport.dk\/index.php\/2024\/06\/20\/elsass-stoetter-para-e-sport-danmark\/\" target=\"_self\"  style=\"height:200px\"><img loading=\"lazy\" decoding=\"async\" width=\"180\" height=\"180\" src=\"https:\/\/www.parae-sport.dk\/wp-content\/uploads\/2024\/06\/ElsasUdenTekst.jpg\" class=\"attachment-post-thumbnail size-post-thumbnail wp-post-image\" alt=\"Elsass st\u00f8tter Para E-sport Danmark\" style=\"height:200px;object-fit:cover;\" \/><\/a><\/figure>\n\n\n<div class=\"wp-block-columns is-not-stacked-on-mobile is-layout-flex wp-container-core-columns-is-layout-1b75516c wp-block-columns-is-layout-flex\">\n<div class=\"wp-block-column is-layout-flow wp-block-column-is-layout-flow\"><h2 style=\"font-style:normal;font-weight:400; margin-top:0.2em;\" class=\"wp-block-post-title has-small-font-size has-system-font-font-family\"><a href=\"https:\/\/www.parae-sport.dk\/index.php\/2024\/06\/20\/elsass-stoetter-para-e-sport-danmark\/\" target=\"_self\" >Elsass st\u00f8tter Para E-sport Danmark<\/a><\/h2><\/div>\n\n\n\n<div class=\"wp-block-column is-layout-flow wp-block-column-is-layout-flow\" style=\"flex-basis:4em\"><div style=\"font-style:italic;font-weight:400;\" class=\"has-text-align-right wp-block-post-date has-small-font-size\"><time datetime=\"2024-06-20T20:26:53+02:00\">06.20.24<\/time><\/div><\/div>\n<\/div>\n\n<\/li><li class=\"wp-block-post post-592 post type-post status-publish format-standard has-post-thumbnail hentry category-ikke-kategoriseret tag-bestyrelsen\">\n<figure style=\"width:100%;height:200px;\" class=\"wp-block-post-featured-image\"><a href=\"https:\/\/www.parae-sport.dk\/index.php\/2024\/06\/20\/udskiftning-i-bestyrelsen\/\" target=\"_self\"  style=\"height:200px\"><img loading=\"lazy\" decoding=\"async\" width=\"211\" height=\"239\" src=\"https:\/\/www.parae-sport.dk\/wp-content\/uploads\/2024\/06\/bestyreelse.png\" class=\"attachment-post-thumbnail size-post-thumbnail wp-post-image\" alt=\"Udskiftning i bestyrelsen\" style=\"height:200px;object-fit:cover;\" \/><\/a><\/figure>\n\n\n<div class=\"wp-block-columns is-not-stacked-on-mobile is-layout-flex wp-container-core-columns-is-layout-1b75516c wp-block-columns-is-layout-flex\">\n<div class=\"wp-block-column is-layout-flow wp-block-column-is-layout-flow\"><h2 style=\"font-style:normal;font-weight:400; margin-top:0.2em;\" class=\"wp-block-post-title has-small-font-size has-system-font-font-family\"><a href=\"https:\/\/www.parae-sport.dk\/index.php\/2024\/06\/20\/udskiftning-i-bestyrelsen\/\" target=\"_self\" >Udskiftning i bestyrelsen<\/a><\/h2><\/div>\n\n\n\n<div class=\"wp-block-column is-layout-flow wp-block-column-is-layout-flow\" style=\"flex-basis:4em\"><div style=\"font-style:italic;font-weight:400;\" class=\"has-text-align-right wp-block-post-date has-small-font-size\"><time datetime=\"2024-06-20T20:10:32+02:00\">06.20.24<\/time><\/div><\/div>\n<\/div>\n\n<\/li><\/ul>\n\n\n<hr class=\"wp-block-separator has-css-opacity alignwide is-style-wide\"\/>\n\n\n<\/div>\n<\/div>\n<\/div>\n\n\n\n<div class=\"wp-block-columns is-layout-flex wp-container-core-columns-is-layout-28f84493 wp-block-columns-is-layout-flex\">\n<div class=\"wp-block-column is-layout-flow wp-block-column-is-layout-flow\"><\/div>\n\n\n\n<div class=\"wp-block-column is-layout-flow wp-block-column-is-layout-flow\"><\/div>\n<\/div>\n\n\n\n<div style=\"height:150px\" aria-hidden=\"true\" class=\"wp-block-spacer\"><\/div>\n","protected":false},"excerpt":{"rendered":"<p>&#8220;Alle skal have mulighed for at game&#8221; I vores forening f\u00e5r du mulighed for at f\u00e5 nye f\u00e6llesskaber og m\u00e6rke gl\u00e6den ved at game.Vi \u00f8nsker at mennesker der grundet en funktionsneds\u00e6ttelse ikke kan game p\u00e5 lige fod med andre, skal have muligheden i foreningen.Tilmeld dig s\u00e6sonens online hold &#8211; tr\u00e6ningen begynder den f\u00f8rste uge af [&hellip;]<\/p>\n","protected":false},"author":1,"featured_media":0,"parent":0,"menu_order":0,"comment_status":"closed","ping_status":"closed","template":"","meta":{"footnotes":""},"class_list":["post-40","page","type-page","status-publish","hentry"],"acf":[],"_links":{"self":[{"href":"https:\/\/www.parae-sport.dk\/index.php\/wp-json\/wp\/v2\/pages\/40","targetHints":{"allow":["GET"]}}],"collection":[{"href":"https:\/\/www.parae-sport.dk\/index.php\/wp-json\/wp\/v2\/pages"}],"about":[{"href":"https:\/\/www.parae-sport.dk\/index.php\/wp-json\/wp\/v2\/types\/page"}],"author":[{"embeddable":true,"href":"https:\/\/www.parae-sport.dk\/index.php\/wp-json\/wp\/v2\/users\/1"}],"replies":[{"embeddable":true,"href":"https:\/\/www.parae-sport.dk\/index.php\/wp-json\/wp\/v2\/comments?post=40"}],"version-history":[{"count":106,"href":"https:\/\/www.parae-sport.dk\/index.php\/wp-json\/wp\/v2\/pages\/40\/revisions"}],"predecessor-version":[{"id":650,"href":"https:\/\/www.parae-sport.dk\/index.php\/wp-json\/wp\/v2\/pages\/40\/revisions\/650"}],"wp:attachment":[{"href":"https:\/\/www.parae-sport.dk\/index.php\/wp-json\/wp\/v2\/media?parent=40"}],"curies":[{"name":"wp","href":"https:\/\/api.w.org\/{rel}","templated":true}]}}